{"id":61,"date":"2018-09-19T10:09:56","date_gmt":"2018-09-19T08:09:56","guid":{"rendered":"http:\/\/krause.li\/?page_id=61"},"modified":"2018-09-26T10:43:14","modified_gmt":"2018-09-26T08:43:14","slug":"psychotherapie-fuer-erwachsene","status":"publish","type":"page","link":"https:\/\/krause.li\/?page_id=61","title":{"rendered":"Psychotherapie f\u00fcr Erwachsene"},"content":{"rendered":"<p>Psychotherapeutische Behandlungen f\u00fcr Erwachsene ab 18 Jahren werden in unserer Praxisgemeinschaft von Dipl.-Psych. Christoph Krause-Klages durchgef\u00fchrt.<\/p>\n<p>Bei der Entscheidung welche Behandlung sinnvoll sein kommt, kommen dabei zwei anerkannte psychotherapeutische Verfahren zur Anwendung.<\/p>\n<h3>Analytische Psychotherapie<\/h3>\n<p>In der Analytischen Psychotherapie finden die Sitzungen 2 bis 3 mal pro Woche statt. \u00dcber Assoziationen, Tr\u00e4ume und aktuelle Konflikte k\u00f6nnen die unbewussten lebensgeschichtlichen Wurzeln individueller Gef\u00fchle und Verhaltensweisen dem Bewusstsein zug\u00e4nglich gemacht werden. Durch die Behandlung werden Bedingungen geschaffen, die erm\u00f6glichen, vergessen geglaubte Lebenserfahrungen und deren Wirksamkeit in der Gegenwart emotional zu erkennen. Dadurch entsteht eine gr\u00f6\u00dfere innere Freiheit, um gegenw\u00e4rtige Erfahrungen mit sich und anderen nicht \u00fcberwiegend unter dem Eindruck unsichtbar gewordener Vergangenheit zu erleben, die sich auf alle Lebensbereiche auswirkt und das Selbstwertgef\u00fchl und die Stabilit\u00e4t der Pers\u00f6nlichkeit st\u00e4rkt.<\/p>\n<p>Die Analytische Psychotherapie schafft Bedingungen f\u00fcr ein vertieftes emotionales Verst\u00e4ndnis der eigenen Pers\u00f6nlichkeit, ohne das eine dauerhafte psychische Ver\u00e4nderung nicht m\u00f6glich ist.<\/p>\n<p>Um dieses Verstehen zu entwickeln und eine emotionale Nachreifung zu erm\u00f6glichen, ben\u00f6tigt die Analytische Psychotherapie eine h\u00f6here Sitzungsfrequenz und eine l\u00e4ngere Behandungsdauer.<\/p>\n<h3>Tiefenpsychologisch-fundierte Psychotherapie<\/h3>\n<p>Bei der Tiefenpsychologisch-fundierten Psychotherapie wird von einem oder mehreren begrenzten aktuellen Konflikten ausgegangen. Die hierbei erlebten Gef\u00fchle werden aufgearbeitet und in Bezug zu wichtigen fr\u00fcheren Erlebnissen und Beziehungsmustern gestellt. Durch das damit verbundene Wiederbeleben von verdr\u00e4ngten Gef\u00fchlen wird eine bewusste Auseinandersetzung mit diesen Erfahrungen m\u00f6glich. In der Regel wird bei dieser Methode mit einer oder zwei Wochenstunden gearbeitet.<\/p>\n","protected":false},"excerpt":{"rendered":"<p>Psychotherapeutische Behandlungen f\u00fcr Erwachsene ab 18 Jahren werden in unserer Praxisgemeinschaft von Dipl.-Psych. Christoph Krause-Klages durchgef\u00fchrt. Bei der Entscheidung welche Behandlung sinnvoll sein kommt, kommen dabei zwei anerkannte psychotherapeutische Verfahren zur Anwendung. Analytische Psychotherapie In der Analytischen Psychotherapie finden die Sitzungen 2 bis 3 mal pro Woche statt. \u00dcber Assoziationen, Tr\u00e4ume und aktuelle Konflikte k\u00f6nnen &hellip; <a href=\"https:\/\/krause.li\/?page_id=61\" class=\"more-link\">Continue reading <span class=\"screen-reader-text\">Psychotherapie f\u00fcr Erwachsene<\/span> <span class=\"meta-nav\">&rarr;<\/span><\/a><\/p>\n","protected":false},"author":1,"featured_media":0,"parent":0,"menu_order":0,"comment_status":"closed","ping_status":"closed","template":"","meta":{"footnotes":""},"class_list":["post-61","page","type-page","status-publish","hentry"],"_links":{"self":[{"href":"https:\/\/krause.li\/index.php?rest_route=\/wp\/v2\/pages\/61","targetHints":{"allow":["GET"]}}],"collection":[{"href":"https:\/\/krause.li\/index.php?rest_route=\/wp\/v2\/pages"}],"about":[{"href":"https:\/\/krause.li\/index.php?rest_route=\/wp\/v2\/types\/page"}],"author":[{"embeddable":true,"href":"https:\/\/krause.li\/index.php?rest_route=\/wp\/v2\/users\/1"}],"replies":[{"embeddable":true,"href":"https:\/\/krause.li\/index.php?rest_route=%2Fwp%2Fv2%2Fcomments&post=61"}],"version-history":[{"count":3,"href":"https:\/\/krause.li\/index.php?rest_route=\/wp\/v2\/pages\/61\/revisions"}],"predecessor-version":[{"id":73,"href":"https:\/\/krause.li\/index.php?rest_route=\/wp\/v2\/pages\/61\/revisions\/73"}],"wp:attachment":[{"href":"https:\/\/krause.li\/index.php?rest_route=%2Fwp%2Fv2%2Fmedia&parent=61"}],"curies":[{"name":"wp","href":"https:\/\/api.w.org\/{rel}","templated":true}]}}